{"id":10,"date":"2020-05-09T17:42:05","date_gmt":"2020-05-09T15:42:05","guid":{"rendered":"http:\/\/packdeb.cluster028.hosting.ovh.net\/?page_id=10"},"modified":"2020-07-28T22:55:17","modified_gmt":"2020-07-28T20:55:17","slug":"le-pack-notre-equipe-titulaire","status":"publish","type":"page","link":"https:\/\/www.packdepotes.com\/index.php\/le-pack-notre-equipe-titulaire\/","title":{"rendered":"Le Pack"},"content":{"rendered":"\n<h2 class=\"wp-block-heading\">Voici l\u2019\u00e9quipe titulaire de Pack de Potes Rugby Podcast!<\/h2>\n\n\n\n<div class=\"wp-block-media-text alignwide has-media-on-the-right is-stacked-on-mobile\" style=\"grid-template-columns:auto 32%\"><figure class=\"wp-block-media-text__media\"><img loading=\"lazy\" decoding=\"async\" width=\"800\" height=\"531\" src=\"http:\/\/packdeb.cluster028.hosting.ovh.net\/wp-content\/uploads\/2020\/05\/Falbane-ruck.jpg\" alt=\"\" class=\"wp-image-297\" srcset=\"https:\/\/www.packdepotes.com\/wp-content\/uploads\/2020\/05\/Falbane-ruck.jpg 800w, https:\/\/www.packdepotes.com\/wp-content\/uploads\/2020\/05\/Falbane-ruck-300x199.jpg 300w, https:\/\/www.packdepotes.com\/wp-content\/uploads\/2020\/05\/Falbane-ruck-768x510.jpg 768w, https:\/\/www.packdepotes.com\/wp-content\/uploads\/2020\/05\/Falbane-ruck-360x240.jpg 360w\" sizes=\"auto, (max-width: 800px) 100vw, 800px\" \/><\/figure><div class=\"wp-block-media-text__content\">\n<h2 class=\"wp-block-heading\">La Rookie-<strong><br>Albane Borel<\/strong><\/h2>\n\n\n\n<ul class=\"wp-block-list\"><li>La seule trois-quarts de la bande ne fait pas les choses \u00e0 moiti\u00e9. Piquous\u00e9e au rugby sur les bancs de l&#8217;\u00e9cole de commerce, elle rejoint les folkloriques PEER Neskak et le RCP XV.  Ensuite Albane atterrissait au centre des Pink Rockets du Stade Fran\u00e7ais Paris. Cette communicante dans le sport nous fait la joie de d\u00e9crypter le rugby, version f\u00e9minin et vous rancardera sur les dessous de sa pratique.<\/li><\/ul>\n<\/div><\/div>\n\n\n\n<div class=\"wp-block-media-text alignwide is-stacked-on-mobile\" style=\"grid-template-columns:27% auto\"><figure class=\"wp-block-media-text__media\"><img loading=\"lazy\" decoding=\"async\" width=\"725\" height=\"1024\" src=\"http:\/\/packdeb.cluster028.hosting.ovh.net\/wp-content\/uploads\/2020\/05\/theo1-725x1024.jpg\" alt=\"\" class=\"wp-image-11\" srcset=\"https:\/\/www.packdepotes.com\/wp-content\/uploads\/2020\/05\/theo1-725x1024.jpg 725w, https:\/\/www.packdepotes.com\/wp-content\/uploads\/2020\/05\/theo1-212x300.jpg 212w, https:\/\/www.packdepotes.com\/wp-content\/uploads\/2020\/05\/theo1-768x1085.jpg 768w, https:\/\/www.packdepotes.com\/wp-content\/uploads\/2020\/05\/theo1.jpg 796w\" sizes=\"auto, (max-width: 725px) 100vw, 725px\" \/><\/figure><div class=\"wp-block-media-text__content\">\n<h2 class=\"wp-block-heading\">Le pro-<br><strong>Theodore de Saint Remy<\/strong><\/h2>\n\n\n\n<ul class=\"wp-block-list\"><li>Grand (plus de 2 m\u00e8tres) joueur de rugby pendant plus de 20 ans, ce \u00ab&nbsp;gentil mercenaire&nbsp;\u00bb est pass\u00e9 par des clubs historiques comme L\u2019 ACBB, Orl\u00e9ans, et PUC. Il a notamment jou\u00e9 au Racing 92 du temps de la pro D2 au d\u00e9but du si\u00e8cle.&nbsp; Aujourd\u2019hui \u00e9ducateur dans une \u00e9cole de Rugby en Normandie, Th\u00e9o informe aussi les abonn\u00e9s de ce podcast gr\u00e2ce \u00e0 sa grande exp\u00e9rience, sa connaissance fine du ballon ovale et son vocabulaire somptueux.<\/li><\/ul>\n<\/div><\/div>\n\n\n\n<div class=\"wp-block-media-text alignwide has-media-on-the-right is-stacked-on-mobile\" style=\"grid-template-columns:auto 27%\"><figure class=\"wp-block-media-text__media\"><img loading=\"lazy\" decoding=\"async\" width=\"725\" height=\"1024\" src=\"http:\/\/packdeb.cluster028.hosting.ovh.net\/wp-content\/uploads\/2020\/05\/charlie1-1-725x1024.jpg\" alt=\"\" class=\"wp-image-15\" srcset=\"https:\/\/www.packdepotes.com\/wp-content\/uploads\/2020\/05\/charlie1-1-725x1024.jpg 725w, https:\/\/www.packdepotes.com\/wp-content\/uploads\/2020\/05\/charlie1-1-212x300.jpg 212w, https:\/\/www.packdepotes.com\/wp-content\/uploads\/2020\/05\/charlie1-1-768x1085.jpg 768w, https:\/\/www.packdepotes.com\/wp-content\/uploads\/2020\/05\/charlie1-1.jpg 796w\" sizes=\"auto, (max-width: 725px) 100vw, 725px\" \/><\/figure><div class=\"wp-block-media-text__content\">\n<h2 class=\"wp-block-heading\">L\u2019electron libre-<strong><br>Charlie Beier<\/strong><\/h2>\n\n\n\n<ul class=\"wp-block-list\"><li>L&#8217;electron libre du Pack est unique en son genre! Il est peut-\u00eatre bien le seul rugbyman franco-allemand, dreadeux, super fan de pogos, de hard rock et du Stade Fran\u00e7ais Paris! Charlie Beier est actuellement un joueur de 2<sup>\u00e8me<\/sup> ligne et capitaine de son \u00e9quipe parisienne, l\u2019USO Massif Central en F\u00e9d\u00e9rale 3.&nbsp; Il apporte \u00e0 l\u2019\u00e9quipe son \u00e9nergie contagieuse, son regard d\u00e9cal\u00e9 et son humour sans fin.<\/li><\/ul>\n<\/div><\/div>\n\n\n\n<div class=\"wp-block-media-text alignwide is-stacked-on-mobile\" style=\"grid-template-columns:32% auto\"><figure class=\"wp-block-media-text__media\"><img loading=\"lazy\" decoding=\"async\" width=\"832\" height=\"990\" src=\"http:\/\/packdeb.cluster028.hosting.ovh.net\/wp-content\/uploads\/2020\/05\/tk-with-flag-1.jpg\" alt=\"\" class=\"wp-image-16\" srcset=\"https:\/\/www.packdepotes.com\/wp-content\/uploads\/2020\/05\/tk-with-flag-1.jpg 832w, https:\/\/www.packdepotes.com\/wp-content\/uploads\/2020\/05\/tk-with-flag-1-252x300.jpg 252w, https:\/\/www.packdepotes.com\/wp-content\/uploads\/2020\/05\/tk-with-flag-1-768x914.jpg 768w\" sizes=\"auto, (max-width: 832px) 100vw, 832px\" \/><\/figure><div class=\"wp-block-media-text__content\">\n<h2 class=\"wp-block-heading\">L\u2019americain-<br><strong>Thierry Kauffman<\/strong><\/h2>\n\n\n\n<ul class=\"wp-block-list\"><li>Le cr\u00e9ateur de l\u2019\u00e9mission est la preuve qu\u2019un am\u00e9ricain peut s\u2019int\u00e9resser au rugby. Cet ancien joueur de Football Americain en France est ensuite pass\u00e9 \u00e0 l\u2019autre ballon ovale dans une \u00e9quipe de folklorique\/corporate, l\u2019Oc\u00e9an Rugby Club. Thierry, avec son regard outre-Atlantique et sa \u00ab&nbsp;sauce&nbsp;\u00bb \u00e0 l\u2019americaine, est l\u2019h\u00f4te de l\u2019\u00e9mission et le lien pour les novices du ballon ovale.<\/li><\/ul>\n\n\n\n<p><\/p>\n<\/div><\/div>\n","protected":false},"excerpt":{"rendered":"<p>Voici l\u2019\u00e9quipe titulaire de Pack de Potes Rugby Podcast! La Rookie-Albane Borel La seule trois-quarts de la bande ne fait pas les choses \u00e0 moiti\u00e9. Piquous\u00e9e au rugby sur les bancs de l&#8217;\u00e9cole de commerce, elle rejoint les folkloriques PEER Neskak et le RCP XV. Ensuite Albane atterrissait au centre [&hellip;]<\/p>\n","protected":false},"author":1,"featured_media":121,"parent":0,"menu_order":0,"comment_status":"closed","ping_status":"closed","template":"","meta":{"_monsterinsights_skip_tracking":false,"_monsterinsights_sitenote_active":false,"_monsterinsights_sitenote_note":"","_monsterinsights_sitenote_category":0,"footnotes":""},"class_list":["post-10","page","type-page","status-publish","has-post-thumbnail","hentry"],"yoast_head":"<!-- This site is optimized with the Yoast SEO plugin v14.2 - https:\/\/yoast.com\/wordpress\/plugins\/seo\/ -->\n<title>Le Pack : L&#039;equipe de Pack de Potes Rugby Podcast<\/title>\n<meta name=\"description\" content=\"Voici l\u2019\u00e9quipe titulaire de notre podcast! Un pilier am\u00e9rican, 2 deuxieme lignes (Racing 92 et USO Massif Central) et une centre des Pink Rockets\" \/>\n<meta name=\"robots\" content=\"index, follow\" \/>\n<meta name=\"googlebot\" content=\"index, follow, max-snippet:-1, max-image-preview:large, max-video-preview:-1\" \/>\n<meta name=\"bingbot\" content=\"index, follow, max-snippet:-1, max-image-preview:large, max-video-preview:-1\" \/>\n<link rel=\"canonical\" href=\"http:\/\/packdeb.cluster028.hosting.ovh.net\/index.php\/le-pack-notre-equipe-titulaire\/\" \/>\n<meta property=\"og:locale\" content=\"fr_FR\" \/>\n<meta property=\"og:type\" content=\"article\" \/>\n<meta property=\"og:title\" content=\"Le Pack : L&#039;equipe de Pack de Potes Rugby Podcast\" \/>\n<meta property=\"og:description\" content=\"Voici l\u2019\u00e9quipe titulaire de notre podcast! Un pilier am\u00e9rican, 2 deuxieme lignes (Racing 92 et USO Massif Central) et une centre des Pink Rockets\" \/>\n<meta property=\"og:url\" content=\"http:\/\/packdeb.cluster028.hosting.ovh.net\/index.php\/le-pack-notre-equipe-titulaire\/\" \/>\n<meta property=\"og:site_name\" content=\"Pack de Potes Rugby Podcast\" \/>\n<meta property=\"article:publisher\" content=\"https:\/\/www.facebook.com\/PackDePotes\/\" \/>\n<meta property=\"article:modified_time\" content=\"2020-07-28T20:55:17+00:00\" \/>\n<meta property=\"og:image\" content=\"https:\/\/www.packdepotes.com\/wp-content\/uploads\/2020\/05\/cropped-cropped-BACHUS-NB-2-1.jpg\" \/>\n\t<meta property=\"og:image:width\" content=\"1612\" \/>\n\t<meta property=\"og:image:height\" content=\"738\" \/>\n<meta name=\"twitter:card\" content=\"summary_large_image\" \/>\n<meta name=\"twitter:creator\" content=\"@PackPotes\" \/>\n<meta name=\"twitter:site\" content=\"@PackPotes\" \/>\n<script type=\"application\/ld+json\" class=\"yoast-schema-graph\">{\"@context\":\"https:\/\/schema.org\",\"@graph\":[{\"@type\":\"Organization\",\"@id\":\"https:\/\/www.packdepotes.com\/#organization\",\"name\":\"Pack de Potes Rugby Podcast\",\"url\":\"https:\/\/www.packdepotes.com\/\",\"sameAs\":[\"https:\/\/www.facebook.com\/PackDePotes\/\",\"https:\/\/www.instagram.com\/packdepotes_podcast\/?hl=fr\",\"https:\/\/twitter.com\/PackPotes\"],\"logo\":{\"@type\":\"ImageObject\",\"@id\":\"https:\/\/www.packdepotes.com\/#logo\",\"inLanguage\":\"fr-FR\",\"url\":\"https:\/\/www.packdepotes.com\/wp-content\/uploads\/2020\/05\/logob.png\",\"width\":167,\"height\":166,\"caption\":\"Pack de Potes Rugby Podcast\"},\"image\":{\"@id\":\"https:\/\/www.packdepotes.com\/#logo\"}},{\"@type\":\"WebSite\",\"@id\":\"https:\/\/www.packdepotes.com\/#website\",\"url\":\"https:\/\/www.packdepotes.com\/\",\"name\":\"Pack de Potes\",\"description\":\"Votre rugby clubhouse entre potes\",\"publisher\":{\"@id\":\"https:\/\/www.packdepotes.com\/#organization\"},\"potentialAction\":[{\"@type\":\"SearchAction\",\"target\":\"https:\/\/www.packdepotes.com\/?s={search_term_string}\",\"query-input\":\"required name=search_term_string\"}],\"inLanguage\":\"fr-FR\"},{\"@type\":\"ImageObject\",\"@id\":\"http:\/\/packdeb.cluster028.hosting.ovh.net\/index.php\/le-pack-notre-equipe-titulaire\/#primaryimage\",\"inLanguage\":\"fr-FR\",\"url\":\"https:\/\/www.packdepotes.com\/wp-content\/uploads\/2020\/05\/cropped-cropped-BACHUS-NB-2-1.jpg\",\"width\":1612,\"height\":738},{\"@type\":\"WebPage\",\"@id\":\"http:\/\/packdeb.cluster028.hosting.ovh.net\/index.php\/le-pack-notre-equipe-titulaire\/#webpage\",\"url\":\"http:\/\/packdeb.cluster028.hosting.ovh.net\/index.php\/le-pack-notre-equipe-titulaire\/\",\"name\":\"Le Pack : L'equipe de Pack de Potes Rugby Podcast\",\"isPartOf\":{\"@id\":\"https:\/\/www.packdepotes.com\/#website\"},\"primaryImageOfPage\":{\"@id\":\"http:\/\/packdeb.cluster028.hosting.ovh.net\/index.php\/le-pack-notre-equipe-titulaire\/#primaryimage\"},\"datePublished\":\"2020-05-09T15:42:05+00:00\",\"dateModified\":\"2020-07-28T20:55:17+00:00\",\"description\":\"Voici l\\u2019\\u00e9quipe titulaire de notre podcast! Un pilier am\\u00e9rican, 2 deuxieme lignes (Racing 92 et USO Massif Central) et une centre des Pink Rockets\",\"inLanguage\":\"fr-FR\",\"potentialAction\":[{\"@type\":\"ReadAction\",\"target\":[\"http:\/\/packdeb.cluster028.hosting.ovh.net\/index.php\/le-pack-notre-equipe-titulaire\/\"]}]}]}<\/script>\n<!-- \/ Yoast SEO plugin. -->","_links":{"self":[{"href":"https:\/\/www.packdepotes.com\/index.php\/wp-json\/wp\/v2\/pages\/10","targetHints":{"allow":["GET"]}}],"collection":[{"href":"https:\/\/www.packdepotes.com\/index.php\/wp-json\/wp\/v2\/pages"}],"about":[{"href":"https:\/\/www.packdepotes.com\/index.php\/wp-json\/wp\/v2\/types\/page"}],"author":[{"embeddable":true,"href":"https:\/\/www.packdepotes.com\/index.php\/wp-json\/wp\/v2\/users\/1"}],"replies":[{"embeddable":true,"href":"https:\/\/www.packdepotes.com\/index.php\/wp-json\/wp\/v2\/comments?post=10"}],"version-history":[{"count":10,"href":"https:\/\/www.packdepotes.com\/index.php\/wp-json\/wp\/v2\/pages\/10\/revisions"}],"predecessor-version":[{"id":442,"href":"https:\/\/www.packdepotes.com\/index.php\/wp-json\/wp\/v2\/pages\/10\/revisions\/442"}],"wp:featuredmedia":[{"embeddable":true,"href":"https:\/\/www.packdepotes.com\/index.php\/wp-json\/wp\/v2\/media\/121"}],"wp:attachment":[{"href":"https:\/\/www.packdepotes.com\/index.php\/wp-json\/wp\/v2\/media?parent=10"}],"curies":[{"name":"wp","href":"https:\/\/api.w.org\/{rel}","templated":true}]}}